{"id":958,"date":"2016-08-18T20:05:44","date_gmt":"2016-08-18T20:05:44","guid":{"rendered":"http:\/\/www.jiu-jitsu.com\/?post_type=product&#038;p=958"},"modified":"2016-08-19T12:47:02","modified_gmt":"2016-08-19T12:47:02","slug":"mitaines-top-ten","status":"publish","type":"product","link":"https:\/\/www.jiu-jitsu.com\/en\/produit\/mitaines-top-ten\/","title":{"rendered":"Mitaines TOP TEN"},"content":{"rendered":"<p>Ces mitaines rembourr\u00e9es offrent un excellent degr\u00e9 d\u2019absorption sans compromettre la fermet\u00e9. La couture de la garniture int\u00e9rieure a \u00e9t\u00e9 renforc\u00e9e, et le rev\u00eatement ext\u00e9rieur a \u00e9t\u00e9 con\u00e7u pour am\u00e9liorer la stabilit\u00e9 et la s\u00e9curit\u00e9. Une bande durable \u00e0 velcro pr\u00e9vient le glissement. Une fermet\u00e9 parfaite jumel\u00e9e \u00e0 une surface lisse en fait une excellente cible pour de bons coups.<\/p>\n<p>Caract\u00e9ristiques :<\/p>\n<ul>\n<li>Fait de cuir de premi\u00e8re qualit\u00e9 et similicuir<\/li>\n<li>Coussin de paume ergonomique faite de mousse r\u00e9sistante aux chocs<\/li>\n<li>Couche ultra-\u00e9paisse en mousse pr\u00e9-incurv\u00e9e<\/li>\n<li>Double couche r\u00e9sistante aux chocs dans la r\u00e9gion du poignet<\/li>\n<\/ul>\n","protected":false},"excerpt":{"rendered":"<p>Ces mitaines rembourr\u00e9es offrent un excellent degr\u00e9 d\u2019absorption sans compromettre la fermet\u00e9. La couture de la garniture int\u00e9rieure a \u00e9t\u00e9 renforc\u00e9e, et le rev\u00eatement ext\u00e9rieur a \u00e9t\u00e9 con\u00e7u pour am\u00e9liorer la stabilit\u00e9 et la s\u00e9curit\u00e9. Une bande durable \u00e0 velcro pr\u00e9vient le glissement. Une fermet\u00e9 parfaite jumel\u00e9e \u00e0 une surface lisse en fait une excellente cible pour de bons coups.<\/p>\n<p>Caract\u00e9ristiques :<\/p>\n<ul>\n<li>Fait de cuir de premi\u00e8re qualit\u00e9 et similicuir<\/li>\n<li>Coussin de paume ergonomique faite de mousse r\u00e9sistante aux chocs<\/li>\n<li>Couche ultra-\u00e9paisse en mousse pr\u00e9-incurv\u00e9e<\/li>\n<li>Double couche r\u00e9sistante aux chocs dans la r\u00e9gion du poignet<\/li>\n<\/ul>\n","protected":false},"featured_media":959,"template":"","meta":[],"product_brand":[],"product_cat":[26],"product_tag":[],"class_list":{"0":"post-958","1":"product","2":"type-product","3":"status-publish","4":"has-post-thumbnail","6":"product_cat-kickboxing","8":"first","9":"instock","10":"shipping-taxable","11":"purchasable","12":"product-type-simple"},"yoast_head":"<!-- This site is optimized with the Yoast SEO plugin v27.4 - https:\/\/yoast.com\/product\/yoast-seo-wordpress\/ -->\n<title>Mitaines TOP TEN - Therien Jiu-JItsu<\/title>\n<meta name=\"description\" content=\"Programmes de Jiu-Jitsu, Jiu-Jitsu br\u00e9silien, Arts martiaux mixtes, Kickboxing et Perte de Poids. Leader en Arts Martiaux, Conditionnement et D\u00e9veloppement Personnel www.jiu-jitsu.com\" \/>\n<meta name=\"robots\" content=\"index, follow, max-snippet:-1, max-image-preview:large, max-video-preview:-1\" \/>\n<link rel=\"canonical\" href=\"https:\/\/www.jiu-jitsu.com\/produit\/mitaines-top-ten\/\" \/>\n<meta property=\"og:locale\" content=\"en_US\" \/>\n<meta property=\"og:type\" content=\"article\" \/>\n<meta property=\"og:title\" content=\"Mitaines TOP TEN - Therien Jiu-JItsu\" \/>\n<meta property=\"og:description\" content=\"Programmes de Jiu-Jitsu, Jiu-Jitsu br\u00e9silien, Arts martiaux mixtes, Kickboxing et Perte de Poids. Leader en Arts Martiaux, Conditionnement et D\u00e9veloppement Personnel www.jiu-jitsu.com\" \/>\n<meta property=\"og:url\" content=\"https:\/\/www.jiu-jitsu.com\/produit\/mitaines-top-ten\/\" \/>\n<meta property=\"og:site_name\" content=\"Therien Jiu-JItsu\" \/>\n<meta property=\"article:modified_time\" content=\"2016-08-19T12:47:02+00:00\" \/>\n<meta property=\"og:image\" content=\"https:\/\/www.jiu-jitsu.com\/wp-content\/uploads\/2016\/08\/mitainetopten.jpg\" \/>\n\t<meta property=\"og:image:width\" content=\"1069\" \/>\n\t<meta property=\"og:image:height\" content=\"697\" \/>\n\t<meta property=\"og:image:type\" content=\"image\/jpeg\" \/>\n<meta name=\"twitter:card\" content=\"summary_large_image\" \/>\n<meta name=\"twitter:label1\" content=\"Est. reading time\" \/>\n\t<meta name=\"twitter:data1\" content=\"1 minute\" \/>\n<script type=\"application\/ld+json\" class=\"yoast-schema-graph\">{\"@context\":\"https:\\\/\\\/schema.org\",\"@graph\":[{\"@type\":\"WebPage\",\"@id\":\"https:\\\/\\\/www.jiu-jitsu.com\\\/produit\\\/mitaines-top-ten\\\/\",\"url\":\"https:\\\/\\\/www.jiu-jitsu.com\\\/produit\\\/mitaines-top-ten\\\/\",\"name\":\"Mitaines TOP TEN - Therien Jiu-JItsu\",\"isPartOf\":{\"@id\":\"https:\\\/\\\/www.jiu-jitsu.com\\\/#website\"},\"primaryImageOfPage\":{\"@id\":\"https:\\\/\\\/www.jiu-jitsu.com\\\/produit\\\/mitaines-top-ten\\\/#primaryimage\"},\"image\":{\"@id\":\"https:\\\/\\\/www.jiu-jitsu.com\\\/produit\\\/mitaines-top-ten\\\/#primaryimage\"},\"thumbnailUrl\":\"https:\\\/\\\/www.jiu-jitsu.com\\\/wp-content\\\/uploads\\\/2016\\\/08\\\/mitainetopten.jpg\",\"datePublished\":\"2016-08-18T20:05:44+00:00\",\"dateModified\":\"2016-08-19T12:47:02+00:00\",\"description\":\"Programmes de Jiu-Jitsu, Jiu-Jitsu br\u00e9silien, Arts martiaux mixtes, Kickboxing et Perte de Poids. Leader en Arts Martiaux, Conditionnement et D\u00e9veloppement Personnel www.jiu-jitsu.com\",\"breadcrumb\":{\"@id\":\"https:\\\/\\\/www.jiu-jitsu.com\\\/produit\\\/mitaines-top-ten\\\/#breadcrumb\"},\"inLanguage\":\"en-US\",\"potentialAction\":[{\"@type\":\"ReadAction\",\"target\":[\"https:\\\/\\\/www.jiu-jitsu.com\\\/produit\\\/mitaines-top-ten\\\/\"]}]},{\"@type\":\"ImageObject\",\"inLanguage\":\"en-US\",\"@id\":\"https:\\\/\\\/www.jiu-jitsu.com\\\/produit\\\/mitaines-top-ten\\\/#primaryimage\",\"url\":\"https:\\\/\\\/www.jiu-jitsu.com\\\/wp-content\\\/uploads\\\/2016\\\/08\\\/mitainetopten.jpg\",\"contentUrl\":\"https:\\\/\\\/www.jiu-jitsu.com\\\/wp-content\\\/uploads\\\/2016\\\/08\\\/mitainetopten.jpg\",\"width\":1069,\"height\":697},{\"@type\":\"BreadcrumbList\",\"@id\":\"https:\\\/\\\/www.jiu-jitsu.com\\\/produit\\\/mitaines-top-ten\\\/#breadcrumb\",\"itemListElement\":[{\"@type\":\"ListItem\",\"position\":1,\"name\":\"Accueil\",\"item\":\"https:\\\/\\\/www.jiu-jitsu.com\\\/en\\\/\"},{\"@type\":\"ListItem\",\"position\":2,\"name\":\"Produits\",\"item\":\"https:\\\/\\\/www.jiu-jitsu.com\\\/shop\\\/\"},{\"@type\":\"ListItem\",\"position\":3,\"name\":\"Mitaines TOP TEN\"}]},{\"@type\":\"WebSite\",\"@id\":\"https:\\\/\\\/www.jiu-jitsu.com\\\/#website\",\"url\":\"https:\\\/\\\/www.jiu-jitsu.com\\\/\",\"name\":\"Therien Jiu-JItsu\",\"description\":\"Just another WordPress site\",\"potentialAction\":[{\"@type\":\"SearchAction\",\"target\":{\"@type\":\"EntryPoint\",\"urlTemplate\":\"https:\\\/\\\/www.jiu-jitsu.com\\\/?s={search_term_string}\"},\"query-input\":{\"@type\":\"PropertyValueSpecification\",\"valueRequired\":true,\"valueName\":\"search_term_string\"}}],\"inLanguage\":\"en-US\"}]}<\/script>\n<!-- \/ Yoast SEO plugin. -->","yoast_head_json":{"title":"Mitaines TOP TEN - Therien Jiu-JItsu","description":"Programmes de Jiu-Jitsu, Jiu-Jitsu br\u00e9silien, Arts martiaux mixtes, Kickboxing et Perte de Poids. Leader en Arts Martiaux, Conditionnement et D\u00e9veloppement Personnel www.jiu-jitsu.com","robots":{"index":"index","follow":"follow","max-snippet":"max-snippet:-1","max-image-preview":"max-image-preview:large","max-video-preview":"max-video-preview:-1"},"canonical":"https:\/\/www.jiu-jitsu.com\/produit\/mitaines-top-ten\/","og_locale":"en_US","og_type":"article","og_title":"Mitaines TOP TEN - Therien Jiu-JItsu","og_description":"Programmes de Jiu-Jitsu, Jiu-Jitsu br\u00e9silien, Arts martiaux mixtes, Kickboxing et Perte de Poids. Leader en Arts Martiaux, Conditionnement et D\u00e9veloppement Personnel www.jiu-jitsu.com","og_url":"https:\/\/www.jiu-jitsu.com\/produit\/mitaines-top-ten\/","og_site_name":"Therien Jiu-JItsu","article_modified_time":"2016-08-19T12:47:02+00:00","og_image":[{"width":1069,"height":697,"url":"https:\/\/www.jiu-jitsu.com\/wp-content\/uploads\/2016\/08\/mitainetopten.jpg","type":"image\/jpeg"}],"twitter_card":"summary_large_image","twitter_misc":{"Est. reading time":"1 minute"},"schema":{"@context":"https:\/\/schema.org","@graph":[{"@type":"WebPage","@id":"https:\/\/www.jiu-jitsu.com\/produit\/mitaines-top-ten\/","url":"https:\/\/www.jiu-jitsu.com\/produit\/mitaines-top-ten\/","name":"Mitaines TOP TEN - Therien Jiu-JItsu","isPartOf":{"@id":"https:\/\/www.jiu-jitsu.com\/#website"},"primaryImageOfPage":{"@id":"https:\/\/www.jiu-jitsu.com\/produit\/mitaines-top-ten\/#primaryimage"},"image":{"@id":"https:\/\/www.jiu-jitsu.com\/produit\/mitaines-top-ten\/#primaryimage"},"thumbnailUrl":"https:\/\/www.jiu-jitsu.com\/wp-content\/uploads\/2016\/08\/mitainetopten.jpg","datePublished":"2016-08-18T20:05:44+00:00","dateModified":"2016-08-19T12:47:02+00:00","description":"Programmes de Jiu-Jitsu, Jiu-Jitsu br\u00e9silien, Arts martiaux mixtes, Kickboxing et Perte de Poids. Leader en Arts Martiaux, Conditionnement et D\u00e9veloppement Personnel www.jiu-jitsu.com","breadcrumb":{"@id":"https:\/\/www.jiu-jitsu.com\/produit\/mitaines-top-ten\/#breadcrumb"},"inLanguage":"en-US","potentialAction":[{"@type":"ReadAction","target":["https:\/\/www.jiu-jitsu.com\/produit\/mitaines-top-ten\/"]}]},{"@type":"ImageObject","inLanguage":"en-US","@id":"https:\/\/www.jiu-jitsu.com\/produit\/mitaines-top-ten\/#primaryimage","url":"https:\/\/www.jiu-jitsu.com\/wp-content\/uploads\/2016\/08\/mitainetopten.jpg","contentUrl":"https:\/\/www.jiu-jitsu.com\/wp-content\/uploads\/2016\/08\/mitainetopten.jpg","width":1069,"height":697},{"@type":"BreadcrumbList","@id":"https:\/\/www.jiu-jitsu.com\/produit\/mitaines-top-ten\/#breadcrumb","itemListElement":[{"@type":"ListItem","position":1,"name":"Accueil","item":"https:\/\/www.jiu-jitsu.com\/en\/"},{"@type":"ListItem","position":2,"name":"Produits","item":"https:\/\/www.jiu-jitsu.com\/shop\/"},{"@type":"ListItem","position":3,"name":"Mitaines TOP TEN"}]},{"@type":"WebSite","@id":"https:\/\/www.jiu-jitsu.com\/#website","url":"https:\/\/www.jiu-jitsu.com\/","name":"Therien Jiu-JItsu","description":"Just another WordPress site","potentialAction":[{"@type":"SearchAction","target":{"@type":"EntryPoint","urlTemplate":"https:\/\/www.jiu-jitsu.com\/?s={search_term_string}"},"query-input":{"@type":"PropertyValueSpecification","valueRequired":true,"valueName":"search_term_string"}}],"inLanguage":"en-US"}]}},"_links":{"self":[{"href":"https:\/\/www.jiu-jitsu.com\/en\/wp-json\/wp\/v2\/product\/958","targetHints":{"allow":["GET"]}}],"collection":[{"href":"https:\/\/www.jiu-jitsu.com\/en\/wp-json\/wp\/v2\/product"}],"about":[{"href":"https:\/\/www.jiu-jitsu.com\/en\/wp-json\/wp\/v2\/types\/product"}],"wp:featuredmedia":[{"embeddable":true,"href":"https:\/\/www.jiu-jitsu.com\/en\/wp-json\/wp\/v2\/media\/959"}],"wp:attachment":[{"href":"https:\/\/www.jiu-jitsu.com\/en\/wp-json\/wp\/v2\/media?parent=958"}],"wp:term":[{"taxonomy":"product_brand","embeddable":true,"href":"https:\/\/www.jiu-jitsu.com\/en\/wp-json\/wp\/v2\/product_brand?post=958"},{"taxonomy":"product_cat","embeddable":true,"href":"https:\/\/www.jiu-jitsu.com\/en\/wp-json\/wp\/v2\/product_cat?post=958"},{"taxonomy":"product_tag","embeddable":true,"href":"https:\/\/www.jiu-jitsu.com\/en\/wp-json\/wp\/v2\/product_tag?post=958"}],"curies":[{"name":"wp","href":"https:\/\/api.w.org\/{rel}","templated":true}]}}