{"id":962,"date":"2016-08-18T20:09:01","date_gmt":"2016-08-18T20:09:01","guid":{"rendered":"http:\/\/www.jiu-jitsu.com\/?post_type=product&#038;p=962"},"modified":"2016-08-19T12:46:05","modified_gmt":"2016-08-19T12:46:05","slug":"mitaines-ko-main-event","status":"publish","type":"product","link":"https:\/\/www.jiu-jitsu.com\/en\/produit\/mitaines-ko-main-event\/","title":{"rendered":"Mitaines KO MAIN EVENT"},"content":{"rendered":"<p>Caract\u00e9ristiques :<\/p>\n<ul>\n<li>Excellente absorption de force<\/li>\n<li>Coutures int\u00e9rieures et ext\u00e9rieures renforc\u00e9es<\/li>\n<li>Con\u00e7u pour une stabilit\u00e9 et une s\u00e9curit\u00e9 suppl\u00e9mentaires<\/li>\n<li>Duret\u00e9 exeptionnelle combin\u00e9e avec une face lisse fournie une cible id\u00e9ale pour de s\u00e9rieuses frappes<\/li>\n<\/ul>\n","protected":false},"excerpt":{"rendered":"<p>Caract\u00e9ristiques :<\/p>\n<ul>\n<li>Excellente absorption de force<\/li>\n<li>Coutures int\u00e9rieures et ext\u00e9rieures renforc\u00e9es<\/li>\n<li>Con\u00e7u pour une stabilit\u00e9 et une s\u00e9curit\u00e9 suppl\u00e9mentaires<\/li>\n<li>Duret\u00e9 exeptionnelle combin\u00e9e avec une face lisse fournie une cible id\u00e9ale pour de s\u00e9rieuses frappes<\/li>\n<\/ul>\n","protected":false},"featured_media":963,"template":"","meta":[],"product_brand":[],"product_cat":[26],"product_tag":[],"class_list":{"0":"post-962","1":"product","2":"type-product","3":"status-publish","4":"has-post-thumbnail","6":"product_cat-kickboxing","8":"first","9":"instock","10":"shipping-taxable","11":"purchasable","12":"product-type-simple"},"yoast_head":"<!-- This site is optimized with the Yoast SEO plugin v27.4 - https:\/\/yoast.com\/product\/yoast-seo-wordpress\/ -->\n<title>Mitaines KO MAIN EVENT - Therien Jiu-JItsu<\/title>\n<meta name=\"description\" content=\"Programmes de Jiu-Jitsu, Jiu-Jitsu br\u00e9silien, Arts martiaux mixtes, Kickboxing et Perte de Poids. Leader en Arts Martiaux, Conditionnement et D\u00e9veloppement Personnel www.jiu-jitsu.com\" \/>\n<meta name=\"robots\" content=\"index, follow, max-snippet:-1, max-image-preview:large, max-video-preview:-1\" \/>\n<link rel=\"canonical\" href=\"https:\/\/www.jiu-jitsu.com\/produit\/mitaines-ko-main-event\/\" \/>\n<meta property=\"og:locale\" content=\"en_US\" \/>\n<meta property=\"og:type\" content=\"article\" \/>\n<meta property=\"og:title\" content=\"Mitaines KO MAIN EVENT - Therien Jiu-JItsu\" \/>\n<meta property=\"og:description\" content=\"Programmes de Jiu-Jitsu, Jiu-Jitsu br\u00e9silien, Arts martiaux mixtes, Kickboxing et Perte de Poids. Leader en Arts Martiaux, Conditionnement et D\u00e9veloppement Personnel www.jiu-jitsu.com\" \/>\n<meta property=\"og:url\" content=\"https:\/\/www.jiu-jitsu.com\/produit\/mitaines-ko-main-event\/\" \/>\n<meta property=\"og:site_name\" content=\"Therien Jiu-JItsu\" \/>\n<meta property=\"article:modified_time\" content=\"2016-08-19T12:46:05+00:00\" \/>\n<meta property=\"og:image\" content=\"https:\/\/www.jiu-jitsu.com\/wp-content\/uploads\/2016\/08\/mitainesKOMainevent.jpg\" \/>\n\t<meta property=\"og:image:width\" content=\"1280\" \/>\n\t<meta property=\"og:image:height\" content=\"868\" \/>\n\t<meta property=\"og:image:type\" content=\"image\/jpeg\" \/>\n<meta name=\"twitter:card\" content=\"summary_large_image\" \/>\n<script type=\"application\/ld+json\" class=\"yoast-schema-graph\">{\"@context\":\"https:\\\/\\\/schema.org\",\"@graph\":[{\"@type\":\"WebPage\",\"@id\":\"https:\\\/\\\/www.jiu-jitsu.com\\\/produit\\\/mitaines-ko-main-event\\\/\",\"url\":\"https:\\\/\\\/www.jiu-jitsu.com\\\/produit\\\/mitaines-ko-main-event\\\/\",\"name\":\"Mitaines KO MAIN EVENT - Therien Jiu-JItsu\",\"isPartOf\":{\"@id\":\"https:\\\/\\\/www.jiu-jitsu.com\\\/#website\"},\"primaryImageOfPage\":{\"@id\":\"https:\\\/\\\/www.jiu-jitsu.com\\\/produit\\\/mitaines-ko-main-event\\\/#primaryimage\"},\"image\":{\"@id\":\"https:\\\/\\\/www.jiu-jitsu.com\\\/produit\\\/mitaines-ko-main-event\\\/#primaryimage\"},\"thumbnailUrl\":\"https:\\\/\\\/www.jiu-jitsu.com\\\/wp-content\\\/uploads\\\/2016\\\/08\\\/mitainesKOMainevent.jpg\",\"datePublished\":\"2016-08-18T20:09:01+00:00\",\"dateModified\":\"2016-08-19T12:46:05+00:00\",\"description\":\"Programmes de Jiu-Jitsu, Jiu-Jitsu br\u00e9silien, Arts martiaux mixtes, Kickboxing et Perte de Poids. Leader en Arts Martiaux, Conditionnement et D\u00e9veloppement Personnel www.jiu-jitsu.com\",\"breadcrumb\":{\"@id\":\"https:\\\/\\\/www.jiu-jitsu.com\\\/produit\\\/mitaines-ko-main-event\\\/#breadcrumb\"},\"inLanguage\":\"en-US\",\"potentialAction\":[{\"@type\":\"ReadAction\",\"target\":[\"https:\\\/\\\/www.jiu-jitsu.com\\\/produit\\\/mitaines-ko-main-event\\\/\"]}]},{\"@type\":\"ImageObject\",\"inLanguage\":\"en-US\",\"@id\":\"https:\\\/\\\/www.jiu-jitsu.com\\\/produit\\\/mitaines-ko-main-event\\\/#primaryimage\",\"url\":\"https:\\\/\\\/www.jiu-jitsu.com\\\/wp-content\\\/uploads\\\/2016\\\/08\\\/mitainesKOMainevent.jpg\",\"contentUrl\":\"https:\\\/\\\/www.jiu-jitsu.com\\\/wp-content\\\/uploads\\\/2016\\\/08\\\/mitainesKOMainevent.jpg\",\"width\":1280,\"height\":868},{\"@type\":\"BreadcrumbList\",\"@id\":\"https:\\\/\\\/www.jiu-jitsu.com\\\/produit\\\/mitaines-ko-main-event\\\/#breadcrumb\",\"itemListElement\":[{\"@type\":\"ListItem\",\"position\":1,\"name\":\"Accueil\",\"item\":\"https:\\\/\\\/www.jiu-jitsu.com\\\/en\\\/\"},{\"@type\":\"ListItem\",\"position\":2,\"name\":\"Produits\",\"item\":\"https:\\\/\\\/www.jiu-jitsu.com\\\/shop\\\/\"},{\"@type\":\"ListItem\",\"position\":3,\"name\":\"Mitaines KO MAIN EVENT\"}]},{\"@type\":\"WebSite\",\"@id\":\"https:\\\/\\\/www.jiu-jitsu.com\\\/#website\",\"url\":\"https:\\\/\\\/www.jiu-jitsu.com\\\/\",\"name\":\"Therien Jiu-JItsu\",\"description\":\"Just another WordPress site\",\"potentialAction\":[{\"@type\":\"SearchAction\",\"target\":{\"@type\":\"EntryPoint\",\"urlTemplate\":\"https:\\\/\\\/www.jiu-jitsu.com\\\/?s={search_term_string}\"},\"query-input\":{\"@type\":\"PropertyValueSpecification\",\"valueRequired\":true,\"valueName\":\"search_term_string\"}}],\"inLanguage\":\"en-US\"}]}<\/script>\n<!-- \/ Yoast SEO plugin. -->","yoast_head_json":{"title":"Mitaines KO MAIN EVENT - Therien Jiu-JItsu","description":"Programmes de Jiu-Jitsu, Jiu-Jitsu br\u00e9silien, Arts martiaux mixtes, Kickboxing et Perte de Poids. Leader en Arts Martiaux, Conditionnement et D\u00e9veloppement Personnel www.jiu-jitsu.com","robots":{"index":"index","follow":"follow","max-snippet":"max-snippet:-1","max-image-preview":"max-image-preview:large","max-video-preview":"max-video-preview:-1"},"canonical":"https:\/\/www.jiu-jitsu.com\/produit\/mitaines-ko-main-event\/","og_locale":"en_US","og_type":"article","og_title":"Mitaines KO MAIN EVENT - Therien Jiu-JItsu","og_description":"Programmes de Jiu-Jitsu, Jiu-Jitsu br\u00e9silien, Arts martiaux mixtes, Kickboxing et Perte de Poids. Leader en Arts Martiaux, Conditionnement et D\u00e9veloppement Personnel www.jiu-jitsu.com","og_url":"https:\/\/www.jiu-jitsu.com\/produit\/mitaines-ko-main-event\/","og_site_name":"Therien Jiu-JItsu","article_modified_time":"2016-08-19T12:46:05+00:00","og_image":[{"width":1280,"height":868,"url":"https:\/\/www.jiu-jitsu.com\/wp-content\/uploads\/2016\/08\/mitainesKOMainevent.jpg","type":"image\/jpeg"}],"twitter_card":"summary_large_image","schema":{"@context":"https:\/\/schema.org","@graph":[{"@type":"WebPage","@id":"https:\/\/www.jiu-jitsu.com\/produit\/mitaines-ko-main-event\/","url":"https:\/\/www.jiu-jitsu.com\/produit\/mitaines-ko-main-event\/","name":"Mitaines KO MAIN EVENT - Therien Jiu-JItsu","isPartOf":{"@id":"https:\/\/www.jiu-jitsu.com\/#website"},"primaryImageOfPage":{"@id":"https:\/\/www.jiu-jitsu.com\/produit\/mitaines-ko-main-event\/#primaryimage"},"image":{"@id":"https:\/\/www.jiu-jitsu.com\/produit\/mitaines-ko-main-event\/#primaryimage"},"thumbnailUrl":"https:\/\/www.jiu-jitsu.com\/wp-content\/uploads\/2016\/08\/mitainesKOMainevent.jpg","datePublished":"2016-08-18T20:09:01+00:00","dateModified":"2016-08-19T12:46:05+00:00","description":"Programmes de Jiu-Jitsu, Jiu-Jitsu br\u00e9silien, Arts martiaux mixtes, Kickboxing et Perte de Poids. Leader en Arts Martiaux, Conditionnement et D\u00e9veloppement Personnel www.jiu-jitsu.com","breadcrumb":{"@id":"https:\/\/www.jiu-jitsu.com\/produit\/mitaines-ko-main-event\/#breadcrumb"},"inLanguage":"en-US","potentialAction":[{"@type":"ReadAction","target":["https:\/\/www.jiu-jitsu.com\/produit\/mitaines-ko-main-event\/"]}]},{"@type":"ImageObject","inLanguage":"en-US","@id":"https:\/\/www.jiu-jitsu.com\/produit\/mitaines-ko-main-event\/#primaryimage","url":"https:\/\/www.jiu-jitsu.com\/wp-content\/uploads\/2016\/08\/mitainesKOMainevent.jpg","contentUrl":"https:\/\/www.jiu-jitsu.com\/wp-content\/uploads\/2016\/08\/mitainesKOMainevent.jpg","width":1280,"height":868},{"@type":"BreadcrumbList","@id":"https:\/\/www.jiu-jitsu.com\/produit\/mitaines-ko-main-event\/#breadcrumb","itemListElement":[{"@type":"ListItem","position":1,"name":"Accueil","item":"https:\/\/www.jiu-jitsu.com\/en\/"},{"@type":"ListItem","position":2,"name":"Produits","item":"https:\/\/www.jiu-jitsu.com\/shop\/"},{"@type":"ListItem","position":3,"name":"Mitaines KO MAIN EVENT"}]},{"@type":"WebSite","@id":"https:\/\/www.jiu-jitsu.com\/#website","url":"https:\/\/www.jiu-jitsu.com\/","name":"Therien Jiu-JItsu","description":"Just another WordPress site","potentialAction":[{"@type":"SearchAction","target":{"@type":"EntryPoint","urlTemplate":"https:\/\/www.jiu-jitsu.com\/?s={search_term_string}"},"query-input":{"@type":"PropertyValueSpecification","valueRequired":true,"valueName":"search_term_string"}}],"inLanguage":"en-US"}]}},"_links":{"self":[{"href":"https:\/\/www.jiu-jitsu.com\/en\/wp-json\/wp\/v2\/product\/962","targetHints":{"allow":["GET"]}}],"collection":[{"href":"https:\/\/www.jiu-jitsu.com\/en\/wp-json\/wp\/v2\/product"}],"about":[{"href":"https:\/\/www.jiu-jitsu.com\/en\/wp-json\/wp\/v2\/types\/product"}],"wp:featuredmedia":[{"embeddable":true,"href":"https:\/\/www.jiu-jitsu.com\/en\/wp-json\/wp\/v2\/media\/963"}],"wp:attachment":[{"href":"https:\/\/www.jiu-jitsu.com\/en\/wp-json\/wp\/v2\/media?parent=962"}],"wp:term":[{"taxonomy":"product_brand","embeddable":true,"href":"https:\/\/www.jiu-jitsu.com\/en\/wp-json\/wp\/v2\/product_brand?post=962"},{"taxonomy":"product_cat","embeddable":true,"href":"https:\/\/www.jiu-jitsu.com\/en\/wp-json\/wp\/v2\/product_cat?post=962"},{"taxonomy":"product_tag","embeddable":true,"href":"https:\/\/www.jiu-jitsu.com\/en\/wp-json\/wp\/v2\/product_tag?post=962"}],"curies":[{"name":"wp","href":"https:\/\/api.w.org\/{rel}","templated":true}]}}